{"id":177,"date":"2017-07-27T11:49:38","date_gmt":"2017-07-27T09:49:38","guid":{"rendered":"http:\/\/www.diocesimolfetta.it\/catechistico\/?page_id=177"},"modified":"2017-08-25T19:12:50","modified_gmt":"2017-08-25T17:12:50","slug":"chi-siamo","status":"publish","type":"page","link":"https:\/\/www.diocesimolfetta.it\/catechistico\/chi-siamo\/","title":{"rendered":"Chi siamo"},"content":{"rendered":"<p><strong>Ufficio Catechistico: <em>Chi siamo<\/em><\/strong><\/p>\n<p><em>\u00a0<\/em><\/p>\n<p>L\u2019<strong>Ufficio Catechistico Diocesano<\/strong>\u00a0(UCD)<strong>\u00a0<\/strong><strong>coordina, sostiene, promuove<\/strong>\u00a0le attivit\u00e0 di\u00a0<strong>evangelizzazione<\/strong>\u00a0e di\u00a0<strong>catechesi<\/strong>\u00a0e presta una specifica attenzione alla\u00a0<strong>formazione dei catechisti<\/strong>\u00a0e degli\u00a0<strong>animatori<\/strong><strong>\u00a0e\u00a0<\/strong><strong>operatori di pastorale<\/strong>\u00a0in ambito catechistico.<\/p>\n<p><strong>Collabora<\/strong><strong>\u00a0<\/strong>con tutti quei soggetti ecclesiali che hanno competenze rilevanti in rapporto al ministero della catechesi, in particolare con gli altri uffici e centri pastorali diocesani, con l\u2019Azione Cattolica, l\u2019AGESCI e le altre forme di aggregazione laicale chiamate alla formazione cristiana e al compito dell\u2019annuncio del <em>Kerigma<\/em>.<\/p>\n<p><strong>Mantiene gli opportuni raccordi con l\u2019Ufficio Catechistico Nazionale<\/strong><strong>\u00a0<\/strong>e con gli analoghi organismi delle Diocesi italiane, in particolare con quelli che appartengono alla Regione Ecclesiastica Puglia. Nello svolgimento dei suoi compiti, l\u2019Ufficio Catechistico Diocesano \u00e8 coadiuvato da una commissione composte da esperti e si avvale di una collaborazione composta da diversi coordinatori parrocchiale per la catechesi.<\/p>\n<p>&nbsp;<\/p>\n<p><strong>Ufficio Catechistico: <em>Attivit\u00e0<\/em><\/strong><\/p>\n<p>Crediamo che l\u2019orizzonte corretto per ogni azione di evangelizzazione \u00e8 la consapevolezza che la Chiesa in senso proprio non dona la fede, ma la testimonianza della fede. \u00c8 lo Spirito Santo che genera la fede, in quanto \u00e8 il solo che pu\u00f2 aprire la libert\u00e0 delle persone e renderle disponibili alla grazia della Pasqua. Quindi, se noi possiamo con tranquillit\u00e0 testimoniare la fede \u00e8 perch\u00e9 siamo consapevoli che lo Spirito \u00e8 stato effuso in tutti i cuori, e che quindi la \u201cgrazia prima\u201d della Pasqua ha gi\u00e0 misteriosamente raggiunto tutti e lo Spirito agisce in tutti. Su questa realt\u00e0 poggia ogni atto di evangelizzazione. Noi non facciamo che rendere possibile quello che gi\u00e0 \u00e8 in atto.<\/p>\n<p>&nbsp;<\/p>\n<p>\u00abCristo, infatti, \u00e8 morto per tutti e la vocazione ultima dell\u2019uomo \u00e8 effettivamente una sola, quella divina, e perci\u00f2 dobbiamo ritenere che lo Spirito Santo dia a tutti la possibilit\u00e0 di venire a contatto, nel modo che Dio conosce, col mistero pasquale\u00bb (GS 22).<\/p>\n","protected":false},"excerpt":{"rendered":"<p>Ufficio Catechistico: Chi siamo \u00a0 L\u2019Ufficio Catechistico Diocesano\u00a0(UCD)\u00a0coordina, sostiene, promuove\u00a0le attivit\u00e0 di\u00a0evangelizzazione\u00a0e di\u00a0catechesi\u00a0e presta una specifica attenzione alla\u00a0formazione dei catechisti\u00a0e &hellip; <a href=\"https:\/\/www.diocesimolfetta.it\/catechistico\/chi-siamo\/\" class=\"more-link\">+LEGGI TUTTO<span class=\"screen-reader-text\">Chi siamo<\/span> <span class=\"meta-nav\">&raquo;<\/span><\/a><\/p>\n","protected":false},"author":2,"featured_media":0,"parent":0,"menu_order":0,"comment_status":"closed","ping_status":"closed","template":"","meta":{"footnotes":""},"class_list":["post-177","page","type-page","status-publish","hentry"],"acf":[],"_links":{"self":[{"href":"https:\/\/www.diocesimolfetta.it\/catechistico\/wp-json\/wp\/v2\/pages\/177","targetHints":{"allow":["GET"]}}],"collection":[{"href":"https:\/\/www.diocesimolfetta.it\/catechistico\/wp-json\/wp\/v2\/pages"}],"about":[{"href":"https:\/\/www.diocesimolfetta.it\/catechistico\/wp-json\/wp\/v2\/types\/page"}],"author":[{"embeddable":true,"href":"https:\/\/www.diocesimolfetta.it\/catechistico\/wp-json\/wp\/v2\/users\/2"}],"replies":[{"embeddable":true,"href":"https:\/\/www.diocesimolfetta.it\/catechistico\/wp-json\/wp\/v2\/comments?post=177"}],"version-history":[{"count":2,"href":"https:\/\/www.diocesimolfetta.it\/catechistico\/wp-json\/wp\/v2\/pages\/177\/revisions"}],"predecessor-version":[{"id":248,"href":"https:\/\/www.diocesimolfetta.it\/catechistico\/wp-json\/wp\/v2\/pages\/177\/revisions\/248"}],"wp:attachment":[{"href":"https:\/\/www.diocesimolfetta.it\/catechistico\/wp-json\/wp\/v2\/media?parent=177"}],"curies":[{"name":"wp","href":"https:\/\/api.w.org\/{rel}","templated":true}]}}