{"id":232,"date":"2017-08-20T17:10:14","date_gmt":"2017-08-20T15:10:14","guid":{"rendered":"http:\/\/www.diocesimolfetta.it\/catechistico\/?page_id=232"},"modified":"2017-08-20T17:16:23","modified_gmt":"2017-08-20T15:16:23","slug":"logo-dellufficio","status":"publish","type":"page","link":"https:\/\/www.diocesimolfetta.it\/catechistico\/logo-dellufficio\/","title":{"rendered":"Logo dell&#8217;Ufficio"},"content":{"rendered":"<p><img loading=\"lazy\" decoding=\"async\" class=\"size-medium wp-image-234 alignleft\" src=\"https:\/\/www.diocesimolfetta.it\/catechistico\/wp-content\/uploads\/sites\/5\/2017\/08\/icona-dell-amicizia-292x300.jpg\" alt=\"\" width=\"292\" height=\"300\" srcset=\"https:\/\/www.diocesimolfetta.it\/catechistico\/wp-content\/uploads\/sites\/5\/2017\/08\/icona-dell-amicizia-292x300.jpg 292w, https:\/\/www.diocesimolfetta.it\/catechistico\/wp-content\/uploads\/sites\/5\/2017\/08\/icona-dell-amicizia-768x789.jpg 768w, https:\/\/www.diocesimolfetta.it\/catechistico\/wp-content\/uploads\/sites\/5\/2017\/08\/icona-dell-amicizia-996x1024.jpg 996w, https:\/\/www.diocesimolfetta.it\/catechistico\/wp-content\/uploads\/sites\/5\/2017\/08\/icona-dell-amicizia-800x822.jpg 800w, https:\/\/www.diocesimolfetta.it\/catechistico\/wp-content\/uploads\/sites\/5\/2017\/08\/icona-dell-amicizia-1200x1233.jpg 1200w, https:\/\/www.diocesimolfetta.it\/catechistico\/wp-content\/uploads\/sites\/5\/2017\/08\/icona-dell-amicizia.jpg 1772w\" sizes=\"auto, (max-width: 292px) 100vw, 292px\" \/>E&#8217; una icona copta del VII secolo e mostra il Cristo che mette il suo braccio sulla spalla di un amico sconosciuto. Non \u00e8 difronte al suo amico, cammina accanto a lui, l&#8217;accompagna. Questo amico sconosciuto \u00e8 ciascuno di noi, forse \u00e8 il nostro mondo. Dice di Dio: colui che cammina con noi. E dice dell&#8217;evangelizzatore cos\u00ec come afferma papa Francesco in EG 24: &#8220;L&#8217;evangelizzare accompagna l\u2019umanit\u00e0 in tutti i suoi processi, per quanto duri e prolungati possano essere. Conosce le lunghe attese e la sopportazione apostolica. L\u2019evangelizzazione usa molta pazienza, ed evita di non tenere conto dei limiti\u201d.\u00a0<em>Evangelii Gaudium<\/em> al n. 169 indica l\u2019arte dell\u2019accompagnamento come necessaria capacit\u00e0 dei membri della Chiesa. \u201cCom-pagnia\u201d richiede una rivoluzione posturale: non siamo n\u00e9 sopra, n\u00e9 fuori ma accanto, a contatto. Il primo messaggio \u00e8 \u201cnon sei solo, sono con te, mi importa di te\u201d.<\/p>\n","protected":false},"excerpt":{"rendered":"<p>E&#8217; una icona copta del VII secolo e mostra il Cristo che mette il suo braccio sulla spalla di un &hellip; <a href=\"https:\/\/www.diocesimolfetta.it\/catechistico\/logo-dellufficio\/\" class=\"more-link\">+LEGGI TUTTO<span class=\"screen-reader-text\">Logo dell&#8217;Ufficio<\/span> <span class=\"meta-nav\">&raquo;<\/span><\/a><\/p>\n","protected":false},"author":3,"featured_media":0,"parent":0,"menu_order":0,"comment_status":"closed","ping_status":"closed","template":"","meta":{"footnotes":""},"class_list":["post-232","page","type-page","status-publish","hentry"],"acf":[],"_links":{"self":[{"href":"https:\/\/www.diocesimolfetta.it\/catechistico\/wp-json\/wp\/v2\/pages\/232","targetHints":{"allow":["GET"]}}],"collection":[{"href":"https:\/\/www.diocesimolfetta.it\/catechistico\/wp-json\/wp\/v2\/pages"}],"about":[{"href":"https:\/\/www.diocesimolfetta.it\/catechistico\/wp-json\/wp\/v2\/types\/page"}],"author":[{"embeddable":true,"href":"https:\/\/www.diocesimolfetta.it\/catechistico\/wp-json\/wp\/v2\/users\/3"}],"replies":[{"embeddable":true,"href":"https:\/\/www.diocesimolfetta.it\/catechistico\/wp-json\/wp\/v2\/comments?post=232"}],"version-history":[{"count":3,"href":"https:\/\/www.diocesimolfetta.it\/catechistico\/wp-json\/wp\/v2\/pages\/232\/revisions"}],"predecessor-version":[{"id":236,"href":"https:\/\/www.diocesimolfetta.it\/catechistico\/wp-json\/wp\/v2\/pages\/232\/revisions\/236"}],"wp:attachment":[{"href":"https:\/\/www.diocesimolfetta.it\/catechistico\/wp-json\/wp\/v2\/media?parent=232"}],"curies":[{"name":"wp","href":"https:\/\/api.w.org\/{rel}","templated":true}]}}