{"id":4344,"date":"2017-09-07T12:17:36","date_gmt":"2017-09-07T10:17:36","guid":{"rendered":"http:\/\/www.diocesimolfetta.it\/luceevita\/?page_id=4344"},"modified":"2020-01-19T17:22:53","modified_gmt":"2020-01-19T16:22:53","slug":"progetto","status":"publish","type":"page","link":"https:\/\/www.diocesimolfetta.it\/luceevita\/progetto\/","title":{"rendered":"Progetto"},"content":{"rendered":"<p><img loading=\"lazy\" decoding=\"async\" class=\"alignright wp-image-4351 size-full\" src=\"https:\/\/www.diocesimolfetta.it\/luceevita\/wp-content\/uploads\/sites\/2\/2017\/09\/copertina-lev-ragazzi-3.jpg\" alt=\"\" width=\"426\" height=\"640\" srcset=\"https:\/\/www.diocesimolfetta.it\/luceevita\/wp-content\/uploads\/sites\/2\/2017\/09\/copertina-lev-ragazzi-3.jpg 426w, https:\/\/www.diocesimolfetta.it\/luceevita\/wp-content\/uploads\/sites\/2\/2017\/09\/copertina-lev-ragazzi-3-200x300.jpg 200w, https:\/\/www.diocesimolfetta.it\/luceevita\/wp-content\/uploads\/sites\/2\/2017\/09\/copertina-lev-ragazzi-3-186x280.jpg 186w\" sizes=\"auto, (max-width: 426px) 100vw, 426px\" \/>Prende corpo (anzi carta!)\u00a0una nuova esperienza editoriale da tempo accarezzata:\u00a0<strong><em>Luce e Vita Ragazzi<\/em><\/strong>, un giornale nel giornale, quattro pagine da ragazzi a ragazzi\u00a0per dire il loro essere cittadini e cristiani di questo tempo. Siamo contrari a chi afferma che i ragazzi sono i cittadini del domani e non invece protagonisti di questo tempo, con le responsabilit\u00e0,\u00a0 con i diritti e doveri che spettano alla loro et\u00e0. Quindi questi fogli sono il tentativo di\u00a0dare\u00a0la parola a loro e, perch\u00e9 no, dare valore alla comunicazione\u00a0giornalistica, molto pi\u00f9 stimolante al senso critico rispetto a quella\u00a0on line.<\/p>\n<p>E se il settimanale diocesano, che da gennaio 2014 entra nel suo 90\u00b0 anno,\u00a0 \u00e8 l&#8217;organo di comunione e di comunicazione nella nostra Chiesa, perch\u00e9 non dovrebbe coinvolgere anche quella fetta considerevole delle comunit\u00e0 parrocchiali che\u00a0sono proprio i ragazzi?<\/p>\n<p>Ogni numero (saranno tre in quest&#8217; anno sperimentale) viagger\u00e0 su una\u00a0<strong>parola-chiave\u00a0<\/strong>attorno alla quale raccogliere i diversi contributi organizzati in nove rubriche, affidate di volta in volta a singoli ragazzi o a gruppi parrocchiali o scolastici, con una grafica accattivante:<\/p>\n<ol>\n<li><strong>Parola di Vescovo<\/strong>: breve intervento del vescovo che scrive ai ragazzi<\/li>\n<li><strong>Innanzitutto<\/strong>: articolo di apertura su un argomento di rilievo<\/li>\n<li><strong>Messa a fuoco<\/strong>: articolo di riflessione su altro argomento di attualit\u00e0<\/li>\n<li><strong>Vita di gruppo<\/strong>: racconto di esperienze\u00a0parrocchiali, associative, scolastiche<\/li>\n<li><strong>Segni Parole e Gesti<\/strong>: rubrica liturgica,\u00a0con l&#8217;obiettivo di rilanciare il potenziale educativo della liturgia<\/li>\n<li><strong>Multimedia<\/strong>: recensione di un libro, una canzone, un film<\/li>\n<li><strong>Come L(&#8216;)oro<\/strong>: \u00e8 la rubrica dedicata a presentare un testimone del nostro tempo<\/li>\n<li><strong>Allenamente<\/strong>: \u00e8 l&#8217;angolo ludico in cui con alcuni giochi soprattutto\u00a0linguistici\u00a0si declina la parola-chiave del numero<\/li>\n<li><strong>Punta<\/strong>\u00a0<strong>di penna<\/strong>: spazio alla creativit\u00e0 poetica ed artistica dei ragazzi<\/li>\n<\/ol>\n<p>La parola-chiave del primo numero, che esce in pieno Avvento, non poteva non essere Attesa. Cos\u00ec in questo primo\u00a0inserto si parla, appunto,\u00a0del tempo di attesa per eccellenza che \u00e8 l&#8217;Avvento, con una riflessione del vescovo; si parla delle attese perdute e forse dimenticate sui fondali di Lampedusa, delle attese dei ragazzi rispetto alla Chiesa e rispetto al futuro. Completano le quattro pagine la riflessione sul simbolo liturgico della luce, tre recensioni e giochi, oltre a foto e vignette originali di alcuni provetti disegnatori.<\/p>\n<p>Ci\u00a0sarebbe piaciuto consegnare una copia ciascuno, ma per il momento\u00a0<strong><em>Luce e Vita Ragazzi<\/em><\/strong>\u00a0\u00e8 destinato ai gruppi di catechesi e associativi (dai 10 ai 14 anni) presenti nelle parrocchie, perch\u00e9 possa essere un contributo alla riflessione, al dialogo, alla formazione.<\/p>\n<p><strong>La redazione<\/strong>\u00a0\u00e8\u00a0composta da alcuni insegnanti e catechisti-educatori: Capurso M. Alessandro (Grafico), Iurilli Angelica, Nappi Maria Rosaria, Prisciandaro Flora, Serrone Claudia, Sparapano Luigi, Storelli don Massimo, Zaza Mauro, Zelazko Suor Maria Orsola;\u00a0di volta in volta saranno coinvolti ragazzi e gruppi dalle quattro citt\u00e0.<\/p>\n<p>Sono attesi con fiducia suggerimenti e sollecitazioni per valutare nel corso dell&#8217;anno se l&#8217;esperienza possa avere efficace seguito (scrivendo a\u00a0<a href=\"mailto:luceevita@diocesimolfetta.it\">luceevita@diocesimolfetta.it<\/a>).<\/p>\n<p>Il giornale \u00e8 distribuito nelle parrocchie della diocesi e tra gli abbonati a\u00a0<em>Luce e Vita<\/em>.<\/p>\n","protected":false},"excerpt":{"rendered":"<p>Prende corpo (anzi carta!)\u00a0una nuova esperienza editoriale da tempo accarezzata:\u00a0Luce e Vita Ragazzi, un giornale nel giornale, quattro pagine da &hellip; <a href=\"https:\/\/www.diocesimolfetta.it\/luceevita\/progetto\/\" class=\"more-link\">+LEGGI TUTTO<span class=\"screen-reader-text\">Progetto<\/span> <span class=\"meta-nav\">&raquo;<\/span><\/a><\/p>\n","protected":false},"author":3,"featured_media":0,"parent":0,"menu_order":7,"comment_status":"closed","ping_status":"closed","template":"","meta":{"footnotes":""},"class_list":["post-4344","page","type-page","status-publish","hentry"],"acf":[],"_links":{"self":[{"href":"https:\/\/www.diocesimolfetta.it\/luceevita\/wp-json\/wp\/v2\/pages\/4344","targetHints":{"allow":["GET"]}}],"collection":[{"href":"https:\/\/www.diocesimolfetta.it\/luceevita\/wp-json\/wp\/v2\/pages"}],"about":[{"href":"https:\/\/www.diocesimolfetta.it\/luceevita\/wp-json\/wp\/v2\/types\/page"}],"author":[{"embeddable":true,"href":"https:\/\/www.diocesimolfetta.it\/luceevita\/wp-json\/wp\/v2\/users\/3"}],"replies":[{"embeddable":true,"href":"https:\/\/www.diocesimolfetta.it\/luceevita\/wp-json\/wp\/v2\/comments?post=4344"}],"version-history":[{"count":3,"href":"https:\/\/www.diocesimolfetta.it\/luceevita\/wp-json\/wp\/v2\/pages\/4344\/revisions"}],"predecessor-version":[{"id":4529,"href":"https:\/\/www.diocesimolfetta.it\/luceevita\/wp-json\/wp\/v2\/pages\/4344\/revisions\/4529"}],"wp:attachment":[{"href":"https:\/\/www.diocesimolfetta.it\/luceevita\/wp-json\/wp\/v2\/media?parent=4344"}],"curies":[{"name":"wp","href":"https:\/\/api.w.org\/{rel}","templated":true}]}}